{"id":4338,"date":"2018-06-06T16:57:51","date_gmt":"2018-06-06T14:57:51","guid":{"rendered":"https:\/\/dev.meinelement.com\/bezahlmoeglichkeiten\/"},"modified":"2021-07-31T18:05:20","modified_gmt":"2021-07-31T16:05:20","slug":"rueckgabe","status":"publish","type":"page","link":"https:\/\/reiseregen.com\/en\/rueckgabe\/","title":{"rendered":"Return"},"content":{"rendered":"<h1>Right of return<\/h1>\n<p>If an item does not meet your requirements, you can simply return it to us within 14 days. We accept your return within 14 days as a revocation, without you having to make any further written declarations.<\/p>\n<p>Please send the return <span style=\"text-decoration: underline;\">sufficiently stamped<\/span> to:<\/p>\n<p>exoquo ug haftungsbeschr\u00e4nkt<br \/><span>c\/o Gierse<\/span><br \/><span>Im Vogelsang 4<\/span><br \/><span>46514 Schermbeck<\/span><br \/><span>Germany<\/span><\/p>\n<p>&nbsp;<\/p>\n<h3>Return instructions<\/h3>\n<ol>\n<li><strong>Please make sure to return the article to us complete, including label and original packaging. <\/strong>We ask for your understanding that only unused and undamaged products can be returned.<\/li>\n<li>Please fill out our return form and send it to us. To protect the environment, please use <a href=\"\/en\/retouren\/\">this online return form<\/a>.<\/li>\n<li>Please seal the parcel well, <strong>stamp it sufficiently<\/strong> and send it to our above mentioned address.<\/li>\n<\/ol>\n<h3>What happens next?<\/h3>\n<p>After receipt and inspection of the goods you will receive an e-mail from us confirming the receipt of your return. We will then refund the amount of your return immediately. The type of refund depends on the payment method you chose when ordering.<\/p>\n<p>We reserve the right to refuse to take back products that do not meet our return requirements.<\/p>\n<h3>Dealing with complaints<\/h3>\n<p>Please send us the damaged products or the products to be complained about together with your description of the defect to the above mentioned return address.<\/p>\n<p>Our quality department will check your articles. If the complaint is due to a manufacturing defect, we reserve the right to repair the item, send you an equivalent replacement or refund the full purchase price.<br \/> Feel free to tell us your regulatory needs. We will try to comply with it or come to you with further questions.<br \/> Find more information about your right of revocation in our <a href=\"\/en\/agb\/\">Terms and conditions<\/a>.<\/p>","protected":false},"excerpt":{"rendered":"<p>R\u00fcckgaberecht Falls ein Artikel doch nicht deinen W\u00fcnschen entspricht, kannst du ihn ganz einfach innerhalb von 14 Tagen an uns zur\u00fccksenden. Deine R\u00fccksendung innerhalb von 14 Tagen erkennen wir als Widerruf an, ohne dass du zwingend weitere schriftliche Erkl\u00e4rungen abgeben [&hellip;]<\/p>","protected":false},"author":1,"featured_media":0,"parent":0,"menu_order":0,"comment_status":"closed","ping_status":"closed","template":"","meta":{"_et_pb_use_builder":"off","_et_pb_old_content":"","_et_gb_content_width":"","inline_featured_image":false,"footnotes":""},"class_list":["post-4338","page","type-page","status-publish","hentry"],"_links":{"self":[{"href":"https:\/\/reiseregen.com\/en\/wp-json\/wp\/v2\/pages\/4338","targetHints":{"allow":["GET"]}}],"collection":[{"href":"https:\/\/reiseregen.com\/en\/wp-json\/wp\/v2\/pages"}],"about":[{"href":"https:\/\/reiseregen.com\/en\/wp-json\/wp\/v2\/types\/page"}],"author":[{"embeddable":true,"href":"https:\/\/reiseregen.com\/en\/wp-json\/wp\/v2\/users\/1"}],"replies":[{"embeddable":true,"href":"https:\/\/reiseregen.com\/en\/wp-json\/wp\/v2\/comments?post=4338"}],"version-history":[{"count":0,"href":"https:\/\/reiseregen.com\/en\/wp-json\/wp\/v2\/pages\/4338\/revisions"}],"wp:attachment":[{"href":"https:\/\/reiseregen.com\/en\/wp-json\/wp\/v2\/media?parent=4338"}],"curies":[{"name":"wp","href":"https:\/\/api.w.org\/{rel}","templated":true}]}}