{"id":4426,"date":"2018-06-07T14:46:39","date_gmt":"2018-06-07T12:46:39","guid":{"rendered":"https:\/\/dev.meinelement.com\/?post_type=product&#038;p=4426"},"modified":"2026-01-25T21:10:38","modified_gmt":"2026-01-25T20:10:38","slug":"reiseregen","status":"publish","type":"product","link":"https:\/\/reiseregen.com\/en\/product\/reiseregen\/","title":{"rendered":"Camping-Dusche reiseregen"},"content":{"rendered":"<blockquote>\n<h5>Reiseregen\u00ae our comfortable outdoor shower and durable shoulder bag<\/h5>\n<\/blockquote>\n<p>reiseregen was developed by us with functionality and comfort in mind and is the first really well designed outdoor shower. Thanks to the large opening, reiseregen can be filled with water in an instant and offers a wonderfully refreshing\u00a0<strong>shower fun for 2-3 people<\/strong>. Due to the black color of the material, the shower water - hanging in the sun - can warm up. The shower hose is bend-proof and the shower head has two functions (continuous flow and the start-stop flow) - This way you have a <strong>high shower comfort<\/strong>! After showering reiseregen can <strong>be cleaned very easily<\/strong>so that no bacteria and fungi can form.<\/p>\n<p>&nbsp;<\/p>\n<p>Our <strong>PLUS-Model<\/strong>\u00a0has in addition <strong>an outside-pocket<\/strong> for shampoo, soap or toothpaste as well as holding straps for your toothbrush or razor. In addition, the <strong>Volume higher by 50%<\/strong> than the BASIC-Model, which means you can shower even more extensively...<\/p>\n<p>&nbsp;<\/p>\n<p>Besides, you can use reiseregen not only as a shoulder bag or outdoor shower, but also as a <strong>mobile washing machine<\/strong> (put laundry in reiseregen, fill up with water and knead properly), as <strong>pillow<\/strong> or as a <strong>rinsing spray for dishes<\/strong>... In the design of reiseregen, care was taken to ensure a <b>real improvement over ordinary camping showers <\/b>.<\/p>\n<blockquote><p><strong>Smart and functional:<\/strong><\/p><\/blockquote>\n<ul>\n<li><span class=\"a-list-item\">TWO in ONE: camping shower &amp; waterproof pack sack with many more functions: mobile washing machine + outdoor wash bag + rinsing camping dishes.<\/span><\/li>\n<li><span class=\"a-list-item\">STRONG SHOWER JET: <\/span>Comfortable showering on the go: filled in a flash, easy to handle, well showered<\/li>\n<\/ul>\n<ul>\n<li><span class=\"a-list-item\"> HYGIENIC: reiseregen is easy to keep clean - even from the inside - and dries quickly<\/span><\/li>\n<li><span class=\"a-list-item\">DURABLE: reiseregen protects your luggage and helps to store, transport and protect all your treasures from rain and dirt-made of durable fabric sheeting<\/span><\/li>\n<\/ul>\n<p><strong>Material:<\/strong><\/p>\n<p>Fabric film (TPU) and nylon<\/p>\n<p><strong>Scope of delivery:<\/strong><\/p>\n<ul>\n<li>Original reiseregen\u00ae shoulder bag<\/li>\n<li>bend resistant shower hose<\/li>\n<li>shower head with two shower functions<\/li>\n<li>closure cap with holder<\/li>\n<\/ul>","protected":false},"excerpt":{"rendered":"<p>Our patented outdoor shower now redesigned and even more durable!<\/p>\n<ul>\n<li>Camping shower &amp; waterproof pack sack<\/li>\n<li>comfortable &amp; clever showering<\/li>\n<li>durable &amp; hygienic<strong><em><br \/>\n<\/em><\/strong><\/li>\n<\/ul>","protected":false},"featured_media":7055,"template":"","meta":{"_et_pb_use_builder":"off","_et_pb_old_content":"[gallery ids=\"4460,4459,4458,4457\"]\r\n<blockquote>\r\n<h5>meinMonsun unsere komfortable Outdoordusche und robuste Umh\u00e4ngetasche<\/h5>\r\n<\/blockquote>\r\nmeinMonsun wurde von uns im Hinblick auf Funktionalit\u00e4t und Komfort entwickelt und ist die Erste wirklich durchdachte Outdoordusche. meinMonsun ist dank der gro\u00dfen \u00d6ffnung ruck-zuck mit Wasser bef\u00fcllt und bietet mit einer F\u00fcllung einen <strong>Dusch-Spa\u00df f\u00fcr 2 Personen<\/strong>. Durch die schwarzen Farbe von meinMonsun kann sich das Duschwasser - in der Sonne h\u00e4ngend - aufw\u00e4rmen. Der Duschschlauch ist knicksicher und der Duschkopf hat zwei Funktionen (Dauerbetrieb und den Start-Stopp Betrieb) - Daduch hast du einen <strong>hohen Dusch-Komfort<\/strong>! Nach dem Duschen kann meinMonsun <strong>kinderleicht ges\u00e4ubert werden<\/strong>, sodass sich keine Algen und Keime bilden k\u00f6nnen.\r\n<blockquote>Unser <strong>\u201ePlus-Modell\u201c<\/strong> hat zudem noch eine <strong>Au\u00dfentasche<\/strong> f\u00fcr Shampoo, Seife oder Zahnpaster sowie Haltelaschen f\u00fcr deine Zahnb\u00fcrste oder einen Rasierer. Zus\u00e4tzlich ist das <strong>Volumen um 50% h\u00f6her<\/strong> als beim \u201eBasic-Modell\u201c wodurch du noch ausgiebiger duschen kannst\u2026<\/blockquote>\r\nAu\u00dferdem kannst du meinMonsun nicht nur als Umh\u00e4ngetasche oder Outdoordusche nutzen, sondern auch als <strong>mobile Waschmaschine<\/strong> (W\u00e4sche in meinMonsun legen, Wasser auff\u00fcllen und ordentlich durchkneten), als <strong>Kopfkissen<\/strong> oder als <strong>Absp\u00fclbrause f\u00fcr Geschirr<\/strong>... Bei der Entwicklung von meinMonsun wurde darauf geachtet, eine <b>echte Verbesserung gegen\u00fcber herk\u00f6mmlichen Campingduschen <\/b>zu erreichen.\r\n<blockquote><strong>Clever und Funktional:<\/strong>\r\n<ul>\r\n \t<li><span class=\"a-list-item\">ZWEI in EINS ? Camping-Dusche & wasserdichter Packsack mit vielen weiteren Funktionen: mobile Waschmaschine + Outdoor-Waschsack + Absp\u00fclen von Camping-Geschirr <\/span><\/li>\r\n \t<li><span class=\"a-list-item\"> KR\u00c4FTIGER DUSCHSTRAHL ? Auch unterwegs komfortabel Duschen: blitzschnell bef\u00fcllt, kinderleicht zu handhaben, gut geduscht <\/span><\/li>\r\n \t<li><span class=\"a-list-item\"> HYGIENISCH ? meinMonsun ist einfach sauber zu halten - auch von innen - und schnell trocken<\/span><\/li>\r\n \t<li><span class=\"a-list-item\">ROBUST ? meinMonsun sch\u00fctzt dein Gep\u00e4ck und hilft, all deine Sch\u00e4tze zu verstauen, zu transportieren und vor Regen und Schmutz zu bewahren\uff0dgefertigt aus robuster LKW-Plane<\/span><\/li>\r\n<\/ul>\r\n<\/blockquote>\r\n<strong>Material:<\/strong> Gewebefolie (PVC) und Nylon <strong>Gr\u00f6\u00dfe:<\/strong> \u00d8 XXcm x XXcm, Volumen 10 Liter <strong>Gewicht:<\/strong> nur XXX g <strong>Lieferumfang:<\/strong>\r\n<ul>\r\n \t<li>Original meinMonsun Umh\u00e4ngetasche<\/li>\r\n \t<li>knicksicherer Duschschlauch<\/li>\r\n \t<li>Duschkopf mit zwei Duschfunktionen<\/li>\r\n \t<li>Verschlusskappe mit Halterung<\/li>\r\n<\/ul>","_et_gb_content_width":"","inline_featured_image":false},"product_brand":[],"product_cat":[212,213,215],"product_tag":[],"class_list":{"0":"post-4426","1":"product","2":"type-product","3":"status-publish","4":"has-post-thumbnail","6":"product_cat-drybag","7":"product_cat-outdoordusche","8":"product_cat-umhaengetasche","10":"first","11":"instock","12":"taxable","13":"shipping-taxable","14":"purchasable","15":"product-type-variable","16":"has-default-attributes"},"_links":{"self":[{"href":"https:\/\/reiseregen.com\/en\/wp-json\/wp\/v2\/product\/4426","targetHints":{"allow":["GET"]}}],"collection":[{"href":"https:\/\/reiseregen.com\/en\/wp-json\/wp\/v2\/product"}],"about":[{"href":"https:\/\/reiseregen.com\/en\/wp-json\/wp\/v2\/types\/product"}],"wp:featuredmedia":[{"embeddable":true,"href":"https:\/\/reiseregen.com\/en\/wp-json\/wp\/v2\/media\/7055"}],"wp:attachment":[{"href":"https:\/\/reiseregen.com\/en\/wp-json\/wp\/v2\/media?parent=4426"}],"wp:term":[{"taxonomy":"product_brand","embeddable":true,"href":"https:\/\/reiseregen.com\/en\/wp-json\/wp\/v2\/product_brand?post=4426"},{"taxonomy":"product_cat","embeddable":true,"href":"https:\/\/reiseregen.com\/en\/wp-json\/wp\/v2\/product_cat?post=4426"},{"taxonomy":"product_tag","embeddable":true,"href":"https:\/\/reiseregen.com\/en\/wp-json\/wp\/v2\/product_tag?post=4426"}],"curies":[{"name":"wp","href":"https:\/\/api.w.org\/{rel}","templated":true}]}}